{"id":303,"date":"2025-01-16T20:10:00","date_gmt":"2025-01-16T20:10:00","guid":{"rendered":"https:\/\/cocodriloazul.com\/portafolio\/?page_id=303"},"modified":"2025-01-17T04:49:13","modified_gmt":"2025-01-17T04:49:13","slug":"otros","status":"publish","type":"page","link":"https:\/\/cocodriloazul.com\/portafolio\/otros\/","title":{"rendered":"Otros"},"content":{"rendered":"\t\t<div data-elementor-type=\"wp-page\" data-elementor-id=\"303\" class=\"elementor elementor-303\">\n\t\t\t\t<div class=\"elementor-element elementor-element-343b0da8 e-flex e-con-boxed e-con e-parent\" data-id=\"343b0da8\" data-element_type=\"container\" data-settings=\"{&quot;background_background&quot;:&quot;classic&quot;}\">\n\t\t\t\t\t<div class=\"e-con-inner\">\n\t\t\t\t<div class=\"elementor-element elementor-element-150a14fa elementor-widget elementor-widget-spacer\" data-id=\"150a14fa\" data-element_type=\"widget\" data-widget_type=\"spacer.default\">\n\t\t\t\t<div class=\"elementor-widget-container\">\n\t\t\t\t\t\t\t<div class=\"elementor-spacer\">\n\t\t\t<div class=\"elementor-spacer-inner\"><\/div>\n\t\t<\/div>\n\t\t\t\t\t\t<\/div>\n\t\t\t\t<\/div>\n\t\t\t\t\t<\/div>\n\t\t\t\t<\/div>\n\t\t<div data-speed=\"10s\" data-background-size=\"100% 300%\" data-animation-name=\"AnimatedGradientBgDown\" data-angle=\"0deg\" data-color=\"#181818,#232323,#181818,#232323\" class=\"elementor-element elementor-element-6f7c2678 raven-animated-gradient-yes e-flex e-con-boxed e-con e-parent\" data-id=\"6f7c2678\" data-element_type=\"container\" data-settings=\"{&quot;background_background&quot;:&quot;classic&quot;,&quot;shape_divider_top&quot;:&quot;triangle&quot;}\">\n\t\t\t\t\t<div class=\"e-con-inner\">\n\t\t\t\t<div class=\"elementor-shape elementor-shape-top\" data-negative=\"false\">\n\t\t\t<svg xmlns=\"http:\/\/www.w3.org\/2000\/svg\" viewBox=\"0 0 1000 100\" preserveAspectRatio=\"none\">\n\t<path class=\"elementor-shape-fill\" d=\"M500,98.9L0,6.1V0h1000v6.1L500,98.9z\"\/>\n<\/svg>\t\t<\/div>\n\t\t<div class=\"elementor-element elementor-element-8ea8e1e e-con-full e-flex e-con e-child\" data-id=\"8ea8e1e\" data-element_type=\"container\">\n\t\t\t\t<div class=\"elementor-element elementor-element-2458c86 elementor-widget elementor-widget-text-editor\" data-id=\"2458c86\" data-element_type=\"widget\" data-widget_type=\"text-editor.default\">\n\t\t\t\t<div class=\"elementor-widget-container\">\n\t\t\t\t\t\t\t\t\t<p class=\"p1\">Banners y folletos son piezas de marketing visual esenciales para atraer y convertir. Los banners deben ser impactantes, con un dise\u00f1o que capture la atenci\u00f3n r\u00e1pidamente y transmita el mensaje de forma directa, ya sea en sitios web o en campa\u00f1as publicitarias. Los folletos, por otro lado, permiten una presentaci\u00f3n m\u00e1s detallada de productos o servicios. Su dise\u00f1o debe ser limpio, organizado y atractivo, guiando al lector de forma l\u00f3gica y clara a trav\u00e9s de la informaci\u00f3n, con llamadas a la acci\u00f3n efectivas que conviertan el inter\u00e9s en acci\u00f3n.<\/p>\t\t\t\t\t\t\t\t<\/div>\n\t\t\t\t<\/div>\n\t\t\t\t<div class=\"elementor-element elementor-element-e1de50b elementor-widget elementor-widget-spacer\" data-id=\"e1de50b\" data-element_type=\"widget\" data-widget_type=\"spacer.default\">\n\t\t\t\t<div class=\"elementor-widget-container\">\n\t\t\t\t\t\t\t<div class=\"elementor-spacer\">\n\t\t\t<div class=\"elementor-spacer-inner\"><\/div>\n\t\t<\/div>\n\t\t\t\t\t\t<\/div>\n\t\t\t\t<\/div>\n\t\t\t\t<div class=\"elementor-element elementor-element-62eb9d4 elementor-widget elementor-widget-heading\" data-id=\"62eb9d4\" data-element_type=\"widget\" data-widget_type=\"heading.default\">\n\t\t\t\t<div class=\"elementor-widget-container\">\n\t\t\t\t\t<h2 class=\"elementor-heading-title elementor-size-default\">Galer\u00eda<\/h2>\t\t\t\t<\/div>\n\t\t\t\t<\/div>\n\t\t\t\t<div class=\"elementor-element elementor-element-9ad3e43 gallery-spacing-custom elementor-widget elementor-widget-image-gallery\" data-id=\"9ad3e43\" data-element_type=\"widget\" data-widget_type=\"image-gallery.default\">\n\t\t\t\t<div class=\"elementor-widget-container\">\n\t\t\t\t\t\t\t<div class=\"elementor-image-gallery\">\n\t\t\t<div class=\"row gallery galleryid-303 gallery-columns-3 gallery-size-thumbnail\" data-uk-grid-margin=\"\"><figure class=\"gallery-item\"><div class=\"gallery-icon landscape\"><a data-elementor-open-lightbox=\"yes\" data-elementor-lightbox-slideshow=\"9ad3e43\" data-elementor-lightbox-title=\"McD-print3\" data-e-action-hash=\"#elementor-action%3Aaction%3Dlightbox%26settings%3DeyJpZCI6NDQxLCJ1cmwiOiJodHRwczpcL1wvY29jb2RyaWxvYXp1bC5jb21cL3BvcnRhZm9saW9cL3dwLWNvbnRlbnRcL3VwbG9hZHNcLzIwMjVcLzAxXC9NY0QtcHJpbnQzLmpwZyIsInNsaWRlc2hvdyI6IjlhZDNlNDMifQ%3D%3D\" href='https:\/\/cocodriloazul.com\/portafolio\/wp-content\/uploads\/2025\/01\/McD-print3.jpg'><img decoding=\"async\" width=\"150\" height=\"150\" src=\"https:\/\/cocodriloazul.com\/portafolio\/wp-content\/uploads\/2025\/01\/McD-print3-150x150.jpg\" class=\"attachment-thumbnail size-thumbnail\" alt=\"\" srcset=\"https:\/\/cocodriloazul.com\/portafolio\/wp-content\/uploads\/2025\/01\/McD-print3-150x150.jpg 150w, https:\/\/cocodriloazul.com\/portafolio\/wp-content\/uploads\/2025\/01\/McD-print3-500x500.jpg 500w\" sizes=\"(max-width: 150px) 100vw, 150px\" \/><\/a><\/div><\/figure><figure class=\"gallery-item\"><div class=\"gallery-icon landscape\"><a data-elementor-open-lightbox=\"yes\" data-elementor-lightbox-slideshow=\"9ad3e43\" data-elementor-lightbox-title=\"McD-print2\" data-e-action-hash=\"#elementor-action%3Aaction%3Dlightbox%26settings%3DeyJpZCI6NDQwLCJ1cmwiOiJodHRwczpcL1wvY29jb2RyaWxvYXp1bC5jb21cL3BvcnRhZm9saW9cL3dwLWNvbnRlbnRcL3VwbG9hZHNcLzIwMjVcLzAxXC9NY0QtcHJpbnQyLmpwZyIsInNsaWRlc2hvdyI6IjlhZDNlNDMifQ%3D%3D\" href='https:\/\/cocodriloazul.com\/portafolio\/wp-content\/uploads\/2025\/01\/McD-print2.jpg'><img decoding=\"async\" width=\"150\" height=\"150\" src=\"https:\/\/cocodriloazul.com\/portafolio\/wp-content\/uploads\/2025\/01\/McD-print2-150x150.jpg\" class=\"attachment-thumbnail size-thumbnail\" alt=\"\" srcset=\"https:\/\/cocodriloazul.com\/portafolio\/wp-content\/uploads\/2025\/01\/McD-print2-150x150.jpg 150w, https:\/\/cocodriloazul.com\/portafolio\/wp-content\/uploads\/2025\/01\/McD-print2-500x500.jpg 500w\" sizes=\"(max-width: 150px) 100vw, 150px\" \/><\/a><\/div><\/figure><figure class=\"gallery-item\"><div class=\"gallery-icon landscape\"><a data-elementor-open-lightbox=\"yes\" data-elementor-lightbox-slideshow=\"9ad3e43\" data-elementor-lightbox-title=\"McD-print1d\" data-e-action-hash=\"#elementor-action%3Aaction%3Dlightbox%26settings%3DeyJpZCI6NDM5LCJ1cmwiOiJodHRwczpcL1wvY29jb2RyaWxvYXp1bC5jb21cL3BvcnRhZm9saW9cL3dwLWNvbnRlbnRcL3VwbG9hZHNcLzIwMjVcLzAxXC9NY0QtcHJpbnQxZC5qcGciLCJzbGlkZXNob3ciOiI5YWQzZTQzIn0%3D\" href='https:\/\/cocodriloazul.com\/portafolio\/wp-content\/uploads\/2025\/01\/McD-print1d.jpg'><img decoding=\"async\" width=\"150\" height=\"150\" src=\"https:\/\/cocodriloazul.com\/portafolio\/wp-content\/uploads\/2025\/01\/McD-print1d-150x150.jpg\" class=\"attachment-thumbnail size-thumbnail\" alt=\"\" srcset=\"https:\/\/cocodriloazul.com\/portafolio\/wp-content\/uploads\/2025\/01\/McD-print1d-150x150.jpg 150w, https:\/\/cocodriloazul.com\/portafolio\/wp-content\/uploads\/2025\/01\/McD-print1d-500x500.jpg 500w\" sizes=\"(max-width: 150px) 100vw, 150px\" \/><\/a><\/div><\/figure><figure class=\"gallery-item\"><div class=\"gallery-icon landscape\"><a data-elementor-open-lightbox=\"yes\" data-elementor-lightbox-slideshow=\"9ad3e43\" data-elementor-lightbox-title=\"grid-pres4\" data-e-action-hash=\"#elementor-action%3Aaction%3Dlightbox%26settings%3DeyJpZCI6NDM4LCJ1cmwiOiJodHRwczpcL1wvY29jb2RyaWxvYXp1bC5jb21cL3BvcnRhZm9saW9cL3dwLWNvbnRlbnRcL3VwbG9hZHNcLzIwMjVcLzAxXC9ncmlkLXByZXM0LTEuanBnIiwic2xpZGVzaG93IjoiOWFkM2U0MyJ9\" href='https:\/\/cocodriloazul.com\/portafolio\/wp-content\/uploads\/2025\/01\/grid-pres4-1.jpg'><img loading=\"lazy\" decoding=\"async\" width=\"150\" height=\"150\" src=\"https:\/\/cocodriloazul.com\/portafolio\/wp-content\/uploads\/2025\/01\/grid-pres4-1-150x150.jpg\" class=\"attachment-thumbnail size-thumbnail\" alt=\"\" srcset=\"https:\/\/cocodriloazul.com\/portafolio\/wp-content\/uploads\/2025\/01\/grid-pres4-1-150x150.jpg 150w, https:\/\/cocodriloazul.com\/portafolio\/wp-content\/uploads\/2025\/01\/grid-pres4-1-500x500.jpg 500w\" sizes=\"(max-width: 150px) 100vw, 150px\" \/><\/a><\/div><\/figure><figure class=\"gallery-item\"><div class=\"gallery-icon landscape\"><a data-elementor-open-lightbox=\"yes\" data-elementor-lightbox-slideshow=\"9ad3e43\" data-elementor-lightbox-title=\"grid-pres3\" data-e-action-hash=\"#elementor-action%3Aaction%3Dlightbox%26settings%3DeyJpZCI6NDM3LCJ1cmwiOiJodHRwczpcL1wvY29jb2RyaWxvYXp1bC5jb21cL3BvcnRhZm9saW9cL3dwLWNvbnRlbnRcL3VwbG9hZHNcLzIwMjVcLzAxXC9ncmlkLXByZXMzLTEuanBnIiwic2xpZGVzaG93IjoiOWFkM2U0MyJ9\" href='https:\/\/cocodriloazul.com\/portafolio\/wp-content\/uploads\/2025\/01\/grid-pres3-1.jpg'><img loading=\"lazy\" decoding=\"async\" width=\"150\" height=\"150\" src=\"https:\/\/cocodriloazul.com\/portafolio\/wp-content\/uploads\/2025\/01\/grid-pres3-1-150x150.jpg\" class=\"attachment-thumbnail size-thumbnail\" alt=\"\" srcset=\"https:\/\/cocodriloazul.com\/portafolio\/wp-content\/uploads\/2025\/01\/grid-pres3-1-150x150.jpg 150w, https:\/\/cocodriloazul.com\/portafolio\/wp-content\/uploads\/2025\/01\/grid-pres3-1-500x500.jpg 500w\" sizes=\"(max-width: 150px) 100vw, 150px\" \/><\/a><\/div><\/figure><figure class=\"gallery-item\"><div class=\"gallery-icon landscape\"><a data-elementor-open-lightbox=\"yes\" data-elementor-lightbox-slideshow=\"9ad3e43\" data-elementor-lightbox-title=\"grid-pres1\" data-e-action-hash=\"#elementor-action%3Aaction%3Dlightbox%26settings%3DeyJpZCI6NDM2LCJ1cmwiOiJodHRwczpcL1wvY29jb2RyaWxvYXp1bC5jb21cL3BvcnRhZm9saW9cL3dwLWNvbnRlbnRcL3VwbG9hZHNcLzIwMjVcLzAxXC9ncmlkLXByZXMxLTIuanBnIiwic2xpZGVzaG93IjoiOWFkM2U0MyJ9\" href='https:\/\/cocodriloazul.com\/portafolio\/wp-content\/uploads\/2025\/01\/grid-pres1-2.jpg'><img loading=\"lazy\" decoding=\"async\" width=\"150\" height=\"150\" src=\"https:\/\/cocodriloazul.com\/portafolio\/wp-content\/uploads\/2025\/01\/grid-pres1-2-150x150.jpg\" class=\"attachment-thumbnail size-thumbnail\" alt=\"\" srcset=\"https:\/\/cocodriloazul.com\/portafolio\/wp-content\/uploads\/2025\/01\/grid-pres1-2-150x150.jpg 150w, https:\/\/cocodriloazul.com\/portafolio\/wp-content\/uploads\/2025\/01\/grid-pres1-2-500x500.jpg 500w\" sizes=\"(max-width: 150px) 100vw, 150px\" \/><\/a><\/div><\/figure><figure class=\"gallery-item\"><div class=\"gallery-icon landscape\"><a data-elementor-open-lightbox=\"yes\" data-elementor-lightbox-slideshow=\"9ad3e43\" data-elementor-lightbox-title=\"Embasa-MG-Cashi-1\" data-e-action-hash=\"#elementor-action%3Aaction%3Dlightbox%26settings%3DeyJpZCI6NDM1LCJ1cmwiOiJodHRwczpcL1wvY29jb2RyaWxvYXp1bC5jb21cL3BvcnRhZm9saW9cL3dwLWNvbnRlbnRcL3VwbG9hZHNcLzIwMjVcLzAxXC9FbWJhc2EtTUctQ2FzaGktMS0xLnBuZyIsInNsaWRlc2hvdyI6IjlhZDNlNDMifQ%3D%3D\" href='https:\/\/cocodriloazul.com\/portafolio\/wp-content\/uploads\/2025\/01\/Embasa-MG-Cashi-1-1.png'><img loading=\"lazy\" decoding=\"async\" width=\"150\" height=\"150\" src=\"https:\/\/cocodriloazul.com\/portafolio\/wp-content\/uploads\/2025\/01\/Embasa-MG-Cashi-1-1-150x150.png\" class=\"attachment-thumbnail size-thumbnail\" alt=\"\" srcset=\"https:\/\/cocodriloazul.com\/portafolio\/wp-content\/uploads\/2025\/01\/Embasa-MG-Cashi-1-1-150x150.png 150w, https:\/\/cocodriloazul.com\/portafolio\/wp-content\/uploads\/2025\/01\/Embasa-MG-Cashi-1-1-500x500.png 500w\" sizes=\"(max-width: 150px) 100vw, 150px\" \/><\/a><\/div><\/figure><figure class=\"gallery-item\"><div class=\"gallery-icon portrait\"><a data-elementor-open-lightbox=\"yes\" data-elementor-lightbox-slideshow=\"9ad3e43\" data-elementor-lightbox-title=\"boletin_colleges2\" data-e-action-hash=\"#elementor-action%3Aaction%3Dlightbox%26settings%3DeyJpZCI6NDM0LCJ1cmwiOiJodHRwczpcL1wvY29jb2RyaWxvYXp1bC5jb21cL3BvcnRhZm9saW9cL3dwLWNvbnRlbnRcL3VwbG9hZHNcLzIwMjVcLzAxXC9ib2xldGluX2NvbGxlZ2VzMi5qcGciLCJzbGlkZXNob3ciOiI5YWQzZTQzIn0%3D\" href='https:\/\/cocodriloazul.com\/portafolio\/wp-content\/uploads\/2025\/01\/boletin_colleges2.jpg'><img loading=\"lazy\" decoding=\"async\" width=\"150\" height=\"150\" src=\"https:\/\/cocodriloazul.com\/portafolio\/wp-content\/uploads\/2025\/01\/boletin_colleges2-150x150.jpg\" class=\"attachment-thumbnail size-thumbnail\" alt=\"\" srcset=\"https:\/\/cocodriloazul.com\/portafolio\/wp-content\/uploads\/2025\/01\/boletin_colleges2-150x150.jpg 150w, https:\/\/cocodriloazul.com\/portafolio\/wp-content\/uploads\/2025\/01\/boletin_colleges2-500x500.jpg 500w\" sizes=\"(max-width: 150px) 100vw, 150px\" \/><\/a><\/div><\/figure><figure class=\"gallery-item\"><div class=\"gallery-icon portrait\"><a data-elementor-open-lightbox=\"yes\" data-elementor-lightbox-slideshow=\"9ad3e43\" data-elementor-lightbox-title=\"boletin_camps2\" data-e-action-hash=\"#elementor-action%3Aaction%3Dlightbox%26settings%3DeyJpZCI6NDMzLCJ1cmwiOiJodHRwczpcL1wvY29jb2RyaWxvYXp1bC5jb21cL3BvcnRhZm9saW9cL3dwLWNvbnRlbnRcL3VwbG9hZHNcLzIwMjVcLzAxXC9ib2xldGluX2NhbXBzMi5qcGciLCJzbGlkZXNob3ciOiI5YWQzZTQzIn0%3D\" href='https:\/\/cocodriloazul.com\/portafolio\/wp-content\/uploads\/2025\/01\/boletin_camps2.jpg'><img loading=\"lazy\" decoding=\"async\" width=\"150\" height=\"150\" src=\"https:\/\/cocodriloazul.com\/portafolio\/wp-content\/uploads\/2025\/01\/boletin_camps2-150x150.jpg\" class=\"attachment-thumbnail size-thumbnail\" alt=\"\" srcset=\"https:\/\/cocodriloazul.com\/portafolio\/wp-content\/uploads\/2025\/01\/boletin_camps2-150x150.jpg 150w, https:\/\/cocodriloazul.com\/portafolio\/wp-content\/uploads\/2025\/01\/boletin_camps2-500x500.jpg 500w\" sizes=\"(max-width: 150px) 100vw, 150px\" \/><\/a><\/div><\/figure><figure class=\"gallery-item\"><div class=\"gallery-icon landscape\"><a data-elementor-open-lightbox=\"yes\" data-elementor-lightbox-slideshow=\"9ad3e43\" data-elementor-lightbox-title=\"saab_med4\" data-e-action-hash=\"#elementor-action%3Aaction%3Dlightbox%26settings%3DeyJpZCI6NDMyLCJ1cmwiOiJodHRwczpcL1wvY29jb2RyaWxvYXp1bC5jb21cL3BvcnRhZm9saW9cL3dwLWNvbnRlbnRcL3VwbG9hZHNcLzIwMjVcLzAxXC9zYWFiX21lZDQuanBnIiwic2xpZGVzaG93IjoiOWFkM2U0MyJ9\" href='https:\/\/cocodriloazul.com\/portafolio\/wp-content\/uploads\/2025\/01\/saab_med4.jpg'><img loading=\"lazy\" decoding=\"async\" width=\"150\" height=\"150\" src=\"https:\/\/cocodriloazul.com\/portafolio\/wp-content\/uploads\/2025\/01\/saab_med4-150x150.jpg\" class=\"attachment-thumbnail size-thumbnail\" alt=\"\" \/><\/a><\/div><\/figure><figure class=\"gallery-item\"><div class=\"gallery-icon landscape\"><a data-elementor-open-lightbox=\"yes\" data-elementor-lightbox-slideshow=\"9ad3e43\" data-elementor-lightbox-title=\"saab_med3\" data-e-action-hash=\"#elementor-action%3Aaction%3Dlightbox%26settings%3DeyJpZCI6NDMxLCJ1cmwiOiJodHRwczpcL1wvY29jb2RyaWxvYXp1bC5jb21cL3BvcnRhZm9saW9cL3dwLWNvbnRlbnRcL3VwbG9hZHNcLzIwMjVcLzAxXC9zYWFiX21lZDMuanBnIiwic2xpZGVzaG93IjoiOWFkM2U0MyJ9\" href='https:\/\/cocodriloazul.com\/portafolio\/wp-content\/uploads\/2025\/01\/saab_med3.jpg'><img loading=\"lazy\" decoding=\"async\" width=\"150\" height=\"150\" src=\"https:\/\/cocodriloazul.com\/portafolio\/wp-content\/uploads\/2025\/01\/saab_med3-150x150.jpg\" class=\"attachment-thumbnail size-thumbnail\" alt=\"\" \/><\/a><\/div><\/figure><figure class=\"gallery-item\"><div class=\"gallery-icon landscape\"><a data-elementor-open-lightbox=\"yes\" data-elementor-lightbox-slideshow=\"9ad3e43\" data-elementor-lightbox-title=\"saab_med2\" data-e-action-hash=\"#elementor-action%3Aaction%3Dlightbox%26settings%3DeyJpZCI6NDMwLCJ1cmwiOiJodHRwczpcL1wvY29jb2RyaWxvYXp1bC5jb21cL3BvcnRhZm9saW9cL3dwLWNvbnRlbnRcL3VwbG9hZHNcLzIwMjVcLzAxXC9zYWFiX21lZDIuanBnIiwic2xpZGVzaG93IjoiOWFkM2U0MyJ9\" href='https:\/\/cocodriloazul.com\/portafolio\/wp-content\/uploads\/2025\/01\/saab_med2.jpg'><img loading=\"lazy\" decoding=\"async\" width=\"150\" height=\"150\" src=\"https:\/\/cocodriloazul.com\/portafolio\/wp-content\/uploads\/2025\/01\/saab_med2-150x150.jpg\" class=\"attachment-thumbnail size-thumbnail\" alt=\"\" \/><\/a><\/div><\/figure><figure class=\"gallery-item\"><div class=\"gallery-icon landscape\"><a data-elementor-open-lightbox=\"yes\" data-elementor-lightbox-slideshow=\"9ad3e43\" data-elementor-lightbox-title=\"portafolio-imagen-full-otros1\" data-e-action-hash=\"#elementor-action%3Aaction%3Dlightbox%26settings%3DeyJpZCI6NDI5LCJ1cmwiOiJodHRwczpcL1wvY29jb2RyaWxvYXp1bC5jb21cL3BvcnRhZm9saW9cL3dwLWNvbnRlbnRcL3VwbG9hZHNcLzIwMjVcLzAxXC9wb3J0YWZvbGlvLWltYWdlbi1mdWxsLW90cm9zMS0xLmpwZyIsInNsaWRlc2hvdyI6IjlhZDNlNDMifQ%3D%3D\" href='https:\/\/cocodriloazul.com\/portafolio\/wp-content\/uploads\/2025\/01\/portafolio-imagen-full-otros1-1.jpg'><img loading=\"lazy\" decoding=\"async\" width=\"150\" height=\"150\" src=\"https:\/\/cocodriloazul.com\/portafolio\/wp-content\/uploads\/2025\/01\/portafolio-imagen-full-otros1-1-150x150.jpg\" class=\"attachment-thumbnail size-thumbnail\" alt=\"\" srcset=\"https:\/\/cocodriloazul.com\/portafolio\/wp-content\/uploads\/2025\/01\/portafolio-imagen-full-otros1-1-150x150.jpg 150w, https:\/\/cocodriloazul.com\/portafolio\/wp-content\/uploads\/2025\/01\/portafolio-imagen-full-otros1-1-500x500.jpg 500w\" sizes=\"(max-width: 150px) 100vw, 150px\" \/><\/a><\/div><\/figure><figure class=\"gallery-item\"><div class=\"gallery-icon landscape\"><a data-elementor-open-lightbox=\"yes\" data-elementor-lightbox-slideshow=\"9ad3e43\" data-elementor-lightbox-title=\"grid-otros9\" data-e-action-hash=\"#elementor-action%3Aaction%3Dlightbox%26settings%3DeyJpZCI6NDI4LCJ1cmwiOiJodHRwczpcL1wvY29jb2RyaWxvYXp1bC5jb21cL3BvcnRhZm9saW9cL3dwLWNvbnRlbnRcL3VwbG9hZHNcLzIwMjVcLzAxXC9ncmlkLW90cm9zOS0xLmpwZyIsInNsaWRlc2hvdyI6IjlhZDNlNDMifQ%3D%3D\" href='https:\/\/cocodriloazul.com\/portafolio\/wp-content\/uploads\/2025\/01\/grid-otros9-1.jpg'><img loading=\"lazy\" decoding=\"async\" width=\"150\" height=\"150\" src=\"https:\/\/cocodriloazul.com\/portafolio\/wp-content\/uploads\/2025\/01\/grid-otros9-1-150x150.jpg\" class=\"attachment-thumbnail size-thumbnail\" alt=\"\" srcset=\"https:\/\/cocodriloazul.com\/portafolio\/wp-content\/uploads\/2025\/01\/grid-otros9-1-150x150.jpg 150w, https:\/\/cocodriloazul.com\/portafolio\/wp-content\/uploads\/2025\/01\/grid-otros9-1-500x500.jpg 500w\" sizes=\"(max-width: 150px) 100vw, 150px\" \/><\/a><\/div><\/figure><figure class=\"gallery-item\"><div class=\"gallery-icon landscape\"><a data-elementor-open-lightbox=\"yes\" data-elementor-lightbox-slideshow=\"9ad3e43\" data-elementor-lightbox-title=\"grid-otros2\" data-e-action-hash=\"#elementor-action%3Aaction%3Dlightbox%26settings%3DeyJpZCI6NDI3LCJ1cmwiOiJodHRwczpcL1wvY29jb2RyaWxvYXp1bC5jb21cL3BvcnRhZm9saW9cL3dwLWNvbnRlbnRcL3VwbG9hZHNcLzIwMjVcLzAxXC9ncmlkLW90cm9zMi0xLmpwZyIsInNsaWRlc2hvdyI6IjlhZDNlNDMifQ%3D%3D\" href='https:\/\/cocodriloazul.com\/portafolio\/wp-content\/uploads\/2025\/01\/grid-otros2-1.jpg'><img loading=\"lazy\" decoding=\"async\" width=\"150\" height=\"150\" src=\"https:\/\/cocodriloazul.com\/portafolio\/wp-content\/uploads\/2025\/01\/grid-otros2-1-150x150.jpg\" class=\"attachment-thumbnail size-thumbnail\" alt=\"\" srcset=\"https:\/\/cocodriloazul.com\/portafolio\/wp-content\/uploads\/2025\/01\/grid-otros2-1-150x150.jpg 150w, https:\/\/cocodriloazul.com\/portafolio\/wp-content\/uploads\/2025\/01\/grid-otros2-1-500x500.jpg 500w\" sizes=\"(max-width: 150px) 100vw, 150px\" \/><\/a><\/div><\/figure><\/div>\t\t<\/div>\n\t\t\t\t\t\t<\/div>\n\t\t\t\t<\/div>\n\t\t\t\t<\/div>\n\t\t<div class=\"elementor-element elementor-element-9ada26e e-con-full e-flex e-con e-child\" data-id=\"9ada26e\" data-element_type=\"container\">\n\t\t\t\t<div class=\"elementor-element elementor-element-eed1b89 elementor-arrows-position-inside elementor-pagination-position-outside elementor-widget elementor-widget-image-carousel\" data-id=\"eed1b89\" data-element_type=\"widget\" data-settings=\"{&quot;slides_to_show&quot;:&quot;1&quot;,&quot;navigation&quot;:&quot;both&quot;,&quot;autoplay&quot;:&quot;yes&quot;,&quot;pause_on_hover&quot;:&quot;yes&quot;,&quot;pause_on_interaction&quot;:&quot;yes&quot;,&quot;autoplay_speed&quot;:5000,&quot;infinite&quot;:&quot;yes&quot;,&quot;effect&quot;:&quot;slide&quot;,&quot;speed&quot;:500}\" data-widget_type=\"image-carousel.default\">\n\t\t\t\t<div class=\"elementor-widget-container\">\n\t\t\t\t\t\t\t<div class=\"elementor-image-carousel-wrapper swiper\" role=\"region\" aria-roledescription=\"carousel\" aria-label=\"Image Carousel\" dir=\"ltr\">\n\t\t\t<div class=\"elementor-image-carousel swiper-wrapper\" aria-live=\"off\">\n\t\t\t\t\t\t\t\t<div class=\"swiper-slide\" role=\"group\" aria-roledescription=\"slide\" aria-label=\"1 of 9\"><figure class=\"swiper-slide-inner\"><img decoding=\"async\" class=\"swiper-slide-image\" src=\"https:\/\/cocodriloazul.com\/portafolio\/wp-content\/uploads\/2025\/01\/McD-print2.jpg\" alt=\"McD-print2\" \/><\/figure><\/div><div class=\"swiper-slide\" role=\"group\" aria-roledescription=\"slide\" aria-label=\"2 of 9\"><figure class=\"swiper-slide-inner\"><img decoding=\"async\" class=\"swiper-slide-image\" src=\"https:\/\/cocodriloazul.com\/portafolio\/wp-content\/uploads\/2025\/01\/McD-print3.jpg\" alt=\"McD-print3\" \/><\/figure><\/div><div class=\"swiper-slide\" role=\"group\" aria-roledescription=\"slide\" aria-label=\"3 of 9\"><figure class=\"swiper-slide-inner\"><img decoding=\"async\" class=\"swiper-slide-image\" src=\"https:\/\/cocodriloazul.com\/portafolio\/wp-content\/uploads\/2025\/01\/McD-print1d.jpg\" alt=\"McD-print1d\" \/><\/figure><\/div><div class=\"swiper-slide\" role=\"group\" aria-roledescription=\"slide\" aria-label=\"4 of 9\"><figure class=\"swiper-slide-inner\"><img decoding=\"async\" class=\"swiper-slide-image\" src=\"https:\/\/cocodriloazul.com\/portafolio\/wp-content\/uploads\/2025\/01\/Embasa-MG-Cashi-1-1.png\" alt=\"Embasa-MG-Cashi-1\" \/><\/figure><\/div><div class=\"swiper-slide\" role=\"group\" aria-roledescription=\"slide\" aria-label=\"5 of 9\"><figure class=\"swiper-slide-inner\"><img decoding=\"async\" class=\"swiper-slide-image\" src=\"https:\/\/cocodriloazul.com\/portafolio\/wp-content\/uploads\/2025\/01\/grid-otros2-1.jpg\" alt=\"grid-otros2\" \/><\/figure><\/div><div class=\"swiper-slide\" role=\"group\" aria-roledescription=\"slide\" aria-label=\"6 of 9\"><figure class=\"swiper-slide-inner\"><img decoding=\"async\" class=\"swiper-slide-image\" src=\"https:\/\/cocodriloazul.com\/portafolio\/wp-content\/uploads\/2025\/01\/grid-pres1-2.jpg\" alt=\"grid-pres1\" \/><\/figure><\/div><div class=\"swiper-slide\" role=\"group\" aria-roledescription=\"slide\" aria-label=\"7 of 9\"><figure class=\"swiper-slide-inner\"><img decoding=\"async\" class=\"swiper-slide-image\" src=\"https:\/\/cocodriloazul.com\/portafolio\/wp-content\/uploads\/2025\/01\/grid-pres4-1.jpg\" alt=\"grid-pres4\" \/><\/figure><\/div><div class=\"swiper-slide\" role=\"group\" aria-roledescription=\"slide\" aria-label=\"8 of 9\"><figure class=\"swiper-slide-inner\"><img decoding=\"async\" class=\"swiper-slide-image\" src=\"https:\/\/cocodriloazul.com\/portafolio\/wp-content\/uploads\/2025\/01\/grid-pres3-1.jpg\" alt=\"grid-pres3\" \/><\/figure><\/div><div class=\"swiper-slide\" role=\"group\" aria-roledescription=\"slide\" aria-label=\"9 of 9\"><figure class=\"swiper-slide-inner\"><img decoding=\"async\" class=\"swiper-slide-image\" src=\"https:\/\/cocodriloazul.com\/portafolio\/wp-content\/uploads\/2025\/01\/grid-otros9-1.jpg\" alt=\"grid-otros9\" \/><\/figure><\/div>\t\t\t<\/div>\n\t\t\t\t\t\t\t\t\t\t\t\t<div class=\"elementor-swiper-button elementor-swiper-button-prev\" role=\"button\" tabindex=\"0\">\n\t\t\t\t\t\t<svg aria-hidden=\"true\" class=\"e-font-icon-svg e-eicon-chevron-left\" viewBox=\"0 0 1000 1000\" xmlns=\"http:\/\/www.w3.org\/2000\/svg\"><path d=\"M646 125C629 125 613 133 604 142L308 442C296 454 292 471 292 487 292 504 296 521 308 533L604 854C617 867 629 875 646 875 663 875 679 871 692 858 704 846 713 829 713 812 713 796 708 779 692 767L438 487 692 225C700 217 708 204 708 187 708 171 704 154 692 142 675 129 663 125 646 125Z\"><\/path><\/svg>\t\t\t\t\t<\/div>\n\t\t\t\t\t<div class=\"elementor-swiper-button elementor-swiper-button-next\" role=\"button\" tabindex=\"0\">\n\t\t\t\t\t\t<svg aria-hidden=\"true\" class=\"e-font-icon-svg e-eicon-chevron-right\" viewBox=\"0 0 1000 1000\" xmlns=\"http:\/\/www.w3.org\/2000\/svg\"><path d=\"M696 533C708 521 713 504 713 487 713 471 708 454 696 446L400 146C388 133 375 125 354 125 338 125 325 129 313 142 300 154 292 171 292 187 292 204 296 221 308 233L563 492 304 771C292 783 288 800 288 817 288 833 296 850 308 863 321 871 338 875 354 875 371 875 388 867 400 854L696 533Z\"><\/path><\/svg>\t\t\t\t\t<\/div>\n\t\t\t\t\n\t\t\t\t\t\t\t\t\t<div class=\"swiper-pagination\"><\/div>\n\t\t\t\t\t\t\t\t\t<\/div>\n\t\t\t\t\t\t<\/div>\n\t\t\t\t<\/div>\n\t\t\t\t<div class=\"elementor-element elementor-element-ca30957 elementor-widget elementor-widget-spacer\" data-id=\"ca30957\" data-element_type=\"widget\" data-widget_type=\"spacer.default\">\n\t\t\t\t<div class=\"elementor-widget-container\">\n\t\t\t\t\t\t\t<div class=\"elementor-spacer\">\n\t\t\t<div class=\"elementor-spacer-inner\"><\/div>\n\t\t<\/div>\n\t\t\t\t\t\t<\/div>\n\t\t\t\t<\/div>\n\t\t\t\t<div class=\"elementor-element elementor-element-b7e2a12 elementor-align-center elementor-widget elementor-widget-button\" data-id=\"b7e2a12\" data-element_type=\"widget\" data-widget_type=\"button.default\">\n\t\t\t\t<div class=\"elementor-widget-container\">\n\t\t\t\t\t\t\t\t\t<div class=\"elementor-button-wrapper\">\n\t\t\t\t\t<a class=\"elementor-button elementor-button-link elementor-size-sm\" href=\"mailto:alfredo@cocodriloazul.com\" target=\"_blank\">\n\t\t\t\t\t\t<span class=\"elementor-button-content-wrapper\">\n\t\t\t\t\t\t\t\t\t<span class=\"elementor-button-text\">Contacto<\/span>\n\t\t\t\t\t<\/span>\n\t\t\t\t\t<\/a>\n\t\t\t\t<\/div>\n\t\t\t\t\t\t\t\t<\/div>\n\t\t\t\t<\/div>\n\t\t\t\t<\/div>\n\t\t\t\t\t<\/div>\n\t\t\t\t<\/div>\n\t\t\t\t<\/div>\n\t\t","protected":false},"excerpt":{"rendered":"<p>Banners y folletos son piezas de marketing visual esenciales para atraer y convertir. Los banners deben ser impactantes, con un dise\u00f1o que capture la atenci\u00f3n r\u00e1pidamente y transmita el mensaje de forma directa, ya sea en sitios web o en campa\u00f1as publicitarias. Los folletos, por otro lado, permiten una presentaci\u00f3n m\u00e1s detallada de productos o [&hellip;]<\/p>\n","protected":false},"author":1,"featured_media":0,"parent":0,"menu_order":0,"comment_status":"closed","ping_status":"closed","template":"elementor_header_footer","meta":{"_acf_changed":false,"footnotes":""},"class_list":["post-303","page","type-page","status-publish","hentry"],"acf":[],"_links":{"self":[{"href":"https:\/\/cocodriloazul.com\/portafolio\/wp-json\/wp\/v2\/pages\/303","targetHints":{"allow":["GET"]}}],"collection":[{"href":"https:\/\/cocodriloazul.com\/portafolio\/wp-json\/wp\/v2\/pages"}],"about":[{"href":"https:\/\/cocodriloazul.com\/portafolio\/wp-json\/wp\/v2\/types\/page"}],"author":[{"embeddable":true,"href":"https:\/\/cocodriloazul.com\/portafolio\/wp-json\/wp\/v2\/users\/1"}],"replies":[{"embeddable":true,"href":"https:\/\/cocodriloazul.com\/portafolio\/wp-json\/wp\/v2\/comments?post=303"}],"version-history":[{"count":22,"href":"https:\/\/cocodriloazul.com\/portafolio\/wp-json\/wp\/v2\/pages\/303\/revisions"}],"predecessor-version":[{"id":642,"href":"https:\/\/cocodriloazul.com\/portafolio\/wp-json\/wp\/v2\/pages\/303\/revisions\/642"}],"wp:attachment":[{"href":"https:\/\/cocodriloazul.com\/portafolio\/wp-json\/wp\/v2\/media?parent=303"}],"curies":[{"name":"wp","href":"https:\/\/api.w.org\/{rel}","templated":true}]}}