{"id":301,"date":"2025-01-16T20:09:46","date_gmt":"2025-01-16T20:09:46","guid":{"rendered":"https:\/\/cocodriloazul.com\/portafolio\/?page_id=301"},"modified":"2025-01-17T04:48:22","modified_gmt":"2025-01-17T04:48:22","slug":"presentaciones","status":"publish","type":"page","link":"https:\/\/cocodriloazul.com\/portafolio\/presentaciones\/","title":{"rendered":"Presentaciones"},"content":{"rendered":"\t\t<div data-elementor-type=\"wp-page\" data-elementor-id=\"301\" class=\"elementor elementor-301\">\n\t\t\t\t<div class=\"elementor-element elementor-element-6c92c02c e-flex e-con-boxed e-con e-parent\" data-id=\"6c92c02c\" data-element_type=\"container\" data-settings=\"{&quot;background_background&quot;:&quot;classic&quot;}\">\n\t\t\t\t\t<div class=\"e-con-inner\">\n\t\t\t\t<div class=\"elementor-element elementor-element-65d5dcd3 elementor-widget elementor-widget-spacer\" data-id=\"65d5dcd3\" data-element_type=\"widget\" data-widget_type=\"spacer.default\">\n\t\t\t\t<div class=\"elementor-widget-container\">\n\t\t\t\t\t\t\t<div class=\"elementor-spacer\">\n\t\t\t<div class=\"elementor-spacer-inner\"><\/div>\n\t\t<\/div>\n\t\t\t\t\t\t<\/div>\n\t\t\t\t<\/div>\n\t\t\t\t\t<\/div>\n\t\t\t\t<\/div>\n\t\t<div data-speed=\"10s\" data-background-size=\"100% 300%\" data-animation-name=\"AnimatedGradientBgDown\" data-angle=\"0deg\" data-color=\"#181818,#232323,#181818,#232323\" class=\"elementor-element elementor-element-1e1f51e4 raven-animated-gradient-yes e-flex e-con-boxed e-con e-parent\" data-id=\"1e1f51e4\" data-element_type=\"container\" data-settings=\"{&quot;background_background&quot;:&quot;classic&quot;,&quot;shape_divider_top&quot;:&quot;triangle&quot;}\">\n\t\t\t\t\t<div class=\"e-con-inner\">\n\t\t\t\t<div class=\"elementor-shape elementor-shape-top\" data-negative=\"false\">\n\t\t\t<svg xmlns=\"http:\/\/www.w3.org\/2000\/svg\" viewBox=\"0 0 1000 100\" preserveAspectRatio=\"none\">\n\t<path class=\"elementor-shape-fill\" d=\"M500,98.9L0,6.1V0h1000v6.1L500,98.9z\"\/>\n<\/svg>\t\t<\/div>\n\t\t<div class=\"elementor-element elementor-element-922e5e1 e-con-full e-flex e-con e-child\" data-id=\"922e5e1\" data-element_type=\"container\">\n\t\t\t\t<div class=\"elementor-element elementor-element-a7d39c0 elementor-widget elementor-widget-text-editor\" data-id=\"a7d39c0\" data-element_type=\"widget\" data-widget_type=\"text-editor.default\">\n\t\t\t\t<div class=\"elementor-widget-container\">\n\t\t\t\t\t\t\t\t\t<p class=\"p1\">Las presentaciones digitales bien estructuradas y visualmente atractivas son herramientas poderosas para comunicar ideas de manera clara y convincente. El dise\u00f1o de una presentaci\u00f3n debe ser minimalista pero impactante, con un uso adecuado de colores, tipograf\u00eda y gr\u00e1ficos que resalten los puntos clave. Con herramientas como PowerPoint o Google Slides, la presentaci\u00f3n debe funcionar como un soporte visual que potencie el mensaje del orador, manteniendo la atenci\u00f3n del p\u00fablico sin sobrecargar la diapositiva.<\/p>\t\t\t\t\t\t\t\t<\/div>\n\t\t\t\t<\/div>\n\t\t\t\t<div class=\"elementor-element elementor-element-61e75be elementor-widget elementor-widget-spacer\" data-id=\"61e75be\" data-element_type=\"widget\" data-widget_type=\"spacer.default\">\n\t\t\t\t<div class=\"elementor-widget-container\">\n\t\t\t\t\t\t\t<div class=\"elementor-spacer\">\n\t\t\t<div class=\"elementor-spacer-inner\"><\/div>\n\t\t<\/div>\n\t\t\t\t\t\t<\/div>\n\t\t\t\t<\/div>\n\t\t\t\t<div class=\"elementor-element elementor-element-29fae9d elementor-widget elementor-widget-heading\" data-id=\"29fae9d\" data-element_type=\"widget\" data-widget_type=\"heading.default\">\n\t\t\t\t<div class=\"elementor-widget-container\">\n\t\t\t\t\t<h2 class=\"elementor-heading-title elementor-size-default\">Galer\u00eda<\/h2>\t\t\t\t<\/div>\n\t\t\t\t<\/div>\n\t\t\t\t<div class=\"elementor-element elementor-element-50a48e3 gallery-spacing-custom elementor-widget elementor-widget-image-gallery\" data-id=\"50a48e3\" data-element_type=\"widget\" data-widget_type=\"image-gallery.default\">\n\t\t\t\t<div class=\"elementor-widget-container\">\n\t\t\t\t\t\t\t<div class=\"elementor-image-gallery\">\n\t\t\t<div class=\"row gallery galleryid-301 gallery-columns-3 gallery-size-thumbnail\" data-uk-grid-margin=\"\"><figure class=\"gallery-item\"><div class=\"gallery-icon portrait\"><a data-elementor-open-lightbox=\"yes\" data-elementor-lightbox-slideshow=\"50a48e3\" data-elementor-lightbox-title=\"beneficios-ddb2\" data-e-action-hash=\"#elementor-action%3Aaction%3Dlightbox%26settings%3DeyJpZCI6NTEyLCJ1cmwiOiJodHRwczpcL1wvY29jb2RyaWxvYXp1bC5jb21cL3BvcnRhZm9saW9cL3dwLWNvbnRlbnRcL3VwbG9hZHNcLzIwMjVcLzAxXC9iZW5lZmljaW9zLWRkYjItMS5qcGciLCJzbGlkZXNob3ciOiI1MGE0OGUzIn0%3D\" href='https:\/\/cocodriloazul.com\/portafolio\/wp-content\/uploads\/2025\/01\/beneficios-ddb2-1.jpg'><img decoding=\"async\" width=\"150\" height=\"150\" src=\"https:\/\/cocodriloazul.com\/portafolio\/wp-content\/uploads\/2025\/01\/beneficios-ddb2-1-150x150.jpg\" class=\"attachment-thumbnail size-thumbnail\" alt=\"\" srcset=\"https:\/\/cocodriloazul.com\/portafolio\/wp-content\/uploads\/2025\/01\/beneficios-ddb2-1-150x150.jpg 150w, https:\/\/cocodriloazul.com\/portafolio\/wp-content\/uploads\/2025\/01\/beneficios-ddb2-1-500x500.jpg 500w\" sizes=\"(max-width: 150px) 100vw, 150px\" \/><\/a><\/div><\/figure><figure class=\"gallery-item\"><div class=\"gallery-icon portrait\"><a data-elementor-open-lightbox=\"yes\" data-elementor-lightbox-slideshow=\"50a48e3\" data-elementor-lightbox-title=\"boletin_camps2\" data-e-action-hash=\"#elementor-action%3Aaction%3Dlightbox%26settings%3DeyJpZCI6NTEzLCJ1cmwiOiJodHRwczpcL1wvY29jb2RyaWxvYXp1bC5jb21cL3BvcnRhZm9saW9cL3dwLWNvbnRlbnRcL3VwbG9hZHNcLzIwMjVcLzAxXC9ib2xldGluX2NhbXBzMi0xLmpwZyIsInNsaWRlc2hvdyI6IjUwYTQ4ZTMifQ%3D%3D\" href='https:\/\/cocodriloazul.com\/portafolio\/wp-content\/uploads\/2025\/01\/boletin_camps2-1.jpg'><img decoding=\"async\" width=\"150\" height=\"150\" src=\"https:\/\/cocodriloazul.com\/portafolio\/wp-content\/uploads\/2025\/01\/boletin_camps2-1-150x150.jpg\" class=\"attachment-thumbnail size-thumbnail\" alt=\"\" srcset=\"https:\/\/cocodriloazul.com\/portafolio\/wp-content\/uploads\/2025\/01\/boletin_camps2-1-150x150.jpg 150w, https:\/\/cocodriloazul.com\/portafolio\/wp-content\/uploads\/2025\/01\/boletin_camps2-1-500x500.jpg 500w\" sizes=\"(max-width: 150px) 100vw, 150px\" \/><\/a><\/div><\/figure><figure class=\"gallery-item\"><div class=\"gallery-icon portrait\"><a data-elementor-open-lightbox=\"yes\" data-elementor-lightbox-slideshow=\"50a48e3\" data-elementor-lightbox-title=\"boletin_colleges2\" data-e-action-hash=\"#elementor-action%3Aaction%3Dlightbox%26settings%3DeyJpZCI6NTE0LCJ1cmwiOiJodHRwczpcL1wvY29jb2RyaWxvYXp1bC5jb21cL3BvcnRhZm9saW9cL3dwLWNvbnRlbnRcL3VwbG9hZHNcLzIwMjVcLzAxXC9ib2xldGluX2NvbGxlZ2VzMi0xLmpwZyIsInNsaWRlc2hvdyI6IjUwYTQ4ZTMifQ%3D%3D\" href='https:\/\/cocodriloazul.com\/portafolio\/wp-content\/uploads\/2025\/01\/boletin_colleges2-1.jpg'><img decoding=\"async\" width=\"150\" height=\"150\" src=\"https:\/\/cocodriloazul.com\/portafolio\/wp-content\/uploads\/2025\/01\/boletin_colleges2-1-150x150.jpg\" class=\"attachment-thumbnail size-thumbnail\" alt=\"\" srcset=\"https:\/\/cocodriloazul.com\/portafolio\/wp-content\/uploads\/2025\/01\/boletin_colleges2-1-150x150.jpg 150w, https:\/\/cocodriloazul.com\/portafolio\/wp-content\/uploads\/2025\/01\/boletin_colleges2-1-500x500.jpg 500w\" sizes=\"(max-width: 150px) 100vw, 150px\" \/><\/a><\/div><\/figure><figure class=\"gallery-item\"><div class=\"gallery-icon landscape\"><a data-elementor-open-lightbox=\"yes\" data-elementor-lightbox-slideshow=\"50a48e3\" data-elementor-lightbox-title=\"Embasa-MG-Cashi-2\" data-e-action-hash=\"#elementor-action%3Aaction%3Dlightbox%26settings%3DeyJpZCI6NTE1LCJ1cmwiOiJodHRwczpcL1wvY29jb2RyaWxvYXp1bC5jb21cL3BvcnRhZm9saW9cL3dwLWNvbnRlbnRcL3VwbG9hZHNcLzIwMjVcLzAxXC9FbWJhc2EtTUctQ2FzaGktMi5wbmciLCJzbGlkZXNob3ciOiI1MGE0OGUzIn0%3D\" href='https:\/\/cocodriloazul.com\/portafolio\/wp-content\/uploads\/2025\/01\/Embasa-MG-Cashi-2.png'><img loading=\"lazy\" decoding=\"async\" width=\"150\" height=\"150\" src=\"https:\/\/cocodriloazul.com\/portafolio\/wp-content\/uploads\/2025\/01\/Embasa-MG-Cashi-2-150x150.png\" class=\"attachment-thumbnail size-thumbnail\" alt=\"\" srcset=\"https:\/\/cocodriloazul.com\/portafolio\/wp-content\/uploads\/2025\/01\/Embasa-MG-Cashi-2-150x150.png 150w, https:\/\/cocodriloazul.com\/portafolio\/wp-content\/uploads\/2025\/01\/Embasa-MG-Cashi-2-500x500.png 500w\" sizes=\"(max-width: 150px) 100vw, 150px\" \/><\/a><\/div><\/figure><figure class=\"gallery-item\"><div class=\"gallery-icon portrait\"><a data-elementor-open-lightbox=\"yes\" data-elementor-lightbox-slideshow=\"50a48e3\" data-elementor-lightbox-title=\"infografia-1b\" data-e-action-hash=\"#elementor-action%3Aaction%3Dlightbox%26settings%3DeyJpZCI6NTE2LCJ1cmwiOiJodHRwczpcL1wvY29jb2RyaWxvYXp1bC5jb21cL3BvcnRhZm9saW9cL3dwLWNvbnRlbnRcL3VwbG9hZHNcLzIwMjVcLzAxXC9pbmZvZ3JhZmlhLTFiLXNjYWxlZC5qcGciLCJzbGlkZXNob3ciOiI1MGE0OGUzIn0%3D\" href='https:\/\/cocodriloazul.com\/portafolio\/wp-content\/uploads\/2025\/01\/infografia-1b-scaled.jpg'><img loading=\"lazy\" decoding=\"async\" width=\"150\" height=\"150\" src=\"https:\/\/cocodriloazul.com\/portafolio\/wp-content\/uploads\/2025\/01\/infografia-1b-150x150.jpg\" class=\"attachment-thumbnail size-thumbnail\" alt=\"\" srcset=\"https:\/\/cocodriloazul.com\/portafolio\/wp-content\/uploads\/2025\/01\/infografia-1b-150x150.jpg 150w, https:\/\/cocodriloazul.com\/portafolio\/wp-content\/uploads\/2025\/01\/infografia-1b-500x500.jpg 500w\" sizes=\"(max-width: 150px) 100vw, 150px\" \/><\/a><\/div><\/figure><figure class=\"gallery-item\"><div class=\"gallery-icon landscape\"><a data-elementor-open-lightbox=\"yes\" data-elementor-lightbox-slideshow=\"50a48e3\" data-elementor-lightbox-title=\"MG_Appbrigados-Final-editableN2\" data-e-action-hash=\"#elementor-action%3Aaction%3Dlightbox%26settings%3DeyJpZCI6NTE3LCJ1cmwiOiJodHRwczpcL1wvY29jb2RyaWxvYXp1bC5jb21cL3BvcnRhZm9saW9cL3dwLWNvbnRlbnRcL3VwbG9hZHNcLzIwMjVcLzAxXC9NR19BcHBicmlnYWRvcy1GaW5hbC1lZGl0YWJsZU4yLnBuZyIsInNsaWRlc2hvdyI6IjUwYTQ4ZTMifQ%3D%3D\" href='https:\/\/cocodriloazul.com\/portafolio\/wp-content\/uploads\/2025\/01\/MG_Appbrigados-Final-editableN2.png'><img loading=\"lazy\" decoding=\"async\" width=\"150\" height=\"150\" src=\"https:\/\/cocodriloazul.com\/portafolio\/wp-content\/uploads\/2025\/01\/MG_Appbrigados-Final-editableN2-150x150.png\" class=\"attachment-thumbnail size-thumbnail\" alt=\"\" srcset=\"https:\/\/cocodriloazul.com\/portafolio\/wp-content\/uploads\/2025\/01\/MG_Appbrigados-Final-editableN2-150x150.png 150w, https:\/\/cocodriloazul.com\/portafolio\/wp-content\/uploads\/2025\/01\/MG_Appbrigados-Final-editableN2-500x500.png 500w\" sizes=\"(max-width: 150px) 100vw, 150px\" \/><\/a><\/div><\/figure><figure class=\"gallery-item\"><div class=\"gallery-icon landscape\"><a data-elementor-open-lightbox=\"yes\" data-elementor-lightbox-slideshow=\"50a48e3\" data-elementor-lightbox-title=\"portafolio-imagen-full-otros2\" data-e-action-hash=\"#elementor-action%3Aaction%3Dlightbox%26settings%3DeyJpZCI6NTE4LCJ1cmwiOiJodHRwczpcL1wvY29jb2RyaWxvYXp1bC5jb21cL3BvcnRhZm9saW9cL3dwLWNvbnRlbnRcL3VwbG9hZHNcLzIwMjVcLzAxXC9wb3J0YWZvbGlvLWltYWdlbi1mdWxsLW90cm9zMi0xLmpwZyIsInNsaWRlc2hvdyI6IjUwYTQ4ZTMifQ%3D%3D\" href='https:\/\/cocodriloazul.com\/portafolio\/wp-content\/uploads\/2025\/01\/portafolio-imagen-full-otros2-1.jpg'><img loading=\"lazy\" decoding=\"async\" width=\"150\" height=\"150\" src=\"https:\/\/cocodriloazul.com\/portafolio\/wp-content\/uploads\/2025\/01\/portafolio-imagen-full-otros2-1-150x150.jpg\" class=\"attachment-thumbnail size-thumbnail\" alt=\"\" srcset=\"https:\/\/cocodriloazul.com\/portafolio\/wp-content\/uploads\/2025\/01\/portafolio-imagen-full-otros2-1-150x150.jpg 150w, https:\/\/cocodriloazul.com\/portafolio\/wp-content\/uploads\/2025\/01\/portafolio-imagen-full-otros2-1-500x500.jpg 500w\" sizes=\"(max-width: 150px) 100vw, 150px\" \/><\/a><\/div><\/figure><figure class=\"gallery-item\"><div class=\"gallery-icon landscape\"><a data-elementor-open-lightbox=\"yes\" data-elementor-lightbox-slideshow=\"50a48e3\" data-elementor-lightbox-title=\"portafolio-imagen-full-presentacion0\" data-e-action-hash=\"#elementor-action%3Aaction%3Dlightbox%26settings%3DeyJpZCI6NTE5LCJ1cmwiOiJodHRwczpcL1wvY29jb2RyaWxvYXp1bC5jb21cL3BvcnRhZm9saW9cL3dwLWNvbnRlbnRcL3VwbG9hZHNcLzIwMjVcLzAxXC9wb3J0YWZvbGlvLWltYWdlbi1mdWxsLXByZXNlbnRhY2lvbjAtMS5qcGciLCJzbGlkZXNob3ciOiI1MGE0OGUzIn0%3D\" href='https:\/\/cocodriloazul.com\/portafolio\/wp-content\/uploads\/2025\/01\/portafolio-imagen-full-presentacion0-1.jpg'><img loading=\"lazy\" decoding=\"async\" width=\"150\" height=\"150\" src=\"https:\/\/cocodriloazul.com\/portafolio\/wp-content\/uploads\/2025\/01\/portafolio-imagen-full-presentacion0-1-150x150.jpg\" class=\"attachment-thumbnail size-thumbnail\" alt=\"\" srcset=\"https:\/\/cocodriloazul.com\/portafolio\/wp-content\/uploads\/2025\/01\/portafolio-imagen-full-presentacion0-1-150x150.jpg 150w, https:\/\/cocodriloazul.com\/portafolio\/wp-content\/uploads\/2025\/01\/portafolio-imagen-full-presentacion0-1-500x500.jpg 500w\" sizes=\"(max-width: 150px) 100vw, 150px\" \/><\/a><\/div><\/figure><figure class=\"gallery-item\"><div class=\"gallery-icon landscape\"><a data-elementor-open-lightbox=\"yes\" data-elementor-lightbox-slideshow=\"50a48e3\" data-elementor-lightbox-title=\"propuesta-press-V1-formato-16-9-1\" data-e-action-hash=\"#elementor-action%3Aaction%3Dlightbox%26settings%3DeyJpZCI6NTIwLCJ1cmwiOiJodHRwczpcL1wvY29jb2RyaWxvYXp1bC5jb21cL3BvcnRhZm9saW9cL3dwLWNvbnRlbnRcL3VwbG9hZHNcLzIwMjVcLzAxXC9wcm9wdWVzdGEtcHJlc3MtVjEtZm9ybWF0by0xNi05LTEucG5nIiwic2xpZGVzaG93IjoiNTBhNDhlMyJ9\" href='https:\/\/cocodriloazul.com\/portafolio\/wp-content\/uploads\/2025\/01\/propuesta-press-V1-formato-16-9-1.png'><img loading=\"lazy\" decoding=\"async\" width=\"150\" height=\"150\" src=\"https:\/\/cocodriloazul.com\/portafolio\/wp-content\/uploads\/2025\/01\/propuesta-press-V1-formato-16-9-1-150x150.png\" class=\"attachment-thumbnail size-thumbnail\" alt=\"\" srcset=\"https:\/\/cocodriloazul.com\/portafolio\/wp-content\/uploads\/2025\/01\/propuesta-press-V1-formato-16-9-1-150x150.png 150w, https:\/\/cocodriloazul.com\/portafolio\/wp-content\/uploads\/2025\/01\/propuesta-press-V1-formato-16-9-1-500x500.png 500w\" sizes=\"(max-width: 150px) 100vw, 150px\" \/><\/a><\/div><\/figure><figure class=\"gallery-item\"><div class=\"gallery-icon landscape\"><a data-elementor-open-lightbox=\"yes\" data-elementor-lightbox-slideshow=\"50a48e3\" data-elementor-lightbox-title=\"press-V2-15\" data-e-action-hash=\"#elementor-action%3Aaction%3Dlightbox%26settings%3DeyJpZCI6NTIxLCJ1cmwiOiJodHRwczpcL1wvY29jb2RyaWxvYXp1bC5jb21cL3BvcnRhZm9saW9cL3dwLWNvbnRlbnRcL3VwbG9hZHNcLzIwMjVcLzAxXC9wcmVzcy1WMi0xNS5qcGciLCJzbGlkZXNob3ciOiI1MGE0OGUzIn0%3D\" href='https:\/\/cocodriloazul.com\/portafolio\/wp-content\/uploads\/2025\/01\/press-V2-15.jpg'><img loading=\"lazy\" decoding=\"async\" width=\"150\" height=\"150\" src=\"https:\/\/cocodriloazul.com\/portafolio\/wp-content\/uploads\/2025\/01\/press-V2-15-150x150.jpg\" class=\"attachment-thumbnail size-thumbnail\" alt=\"\" srcset=\"https:\/\/cocodriloazul.com\/portafolio\/wp-content\/uploads\/2025\/01\/press-V2-15-150x150.jpg 150w, https:\/\/cocodriloazul.com\/portafolio\/wp-content\/uploads\/2025\/01\/press-V2-15-500x500.jpg 500w\" sizes=\"(max-width: 150px) 100vw, 150px\" \/><\/a><\/div><\/figure><\/div>\t\t<\/div>\n\t\t\t\t\t\t<\/div>\n\t\t\t\t<\/div>\n\t\t\t\t<\/div>\n\t\t<div class=\"elementor-element elementor-element-c77c85b e-con-full e-flex e-con e-child\" data-id=\"c77c85b\" data-element_type=\"container\">\n\t\t\t\t<div class=\"elementor-element elementor-element-7d23ad2 elementor-widget elementor-widget-spacer\" data-id=\"7d23ad2\" data-element_type=\"widget\" data-widget_type=\"spacer.default\">\n\t\t\t\t<div class=\"elementor-widget-container\">\n\t\t\t\t\t\t\t<div class=\"elementor-spacer\">\n\t\t\t<div class=\"elementor-spacer-inner\"><\/div>\n\t\t<\/div>\n\t\t\t\t\t\t<\/div>\n\t\t\t\t<\/div>\n\t\t\t\t<div class=\"elementor-element elementor-element-29c13cf elementor-arrows-position-inside elementor-pagination-position-outside elementor-widget elementor-widget-image-carousel\" data-id=\"29c13cf\" data-element_type=\"widget\" data-settings=\"{&quot;slides_to_show&quot;:&quot;1&quot;,&quot;navigation&quot;:&quot;both&quot;,&quot;autoplay&quot;:&quot;yes&quot;,&quot;pause_on_hover&quot;:&quot;yes&quot;,&quot;pause_on_interaction&quot;:&quot;yes&quot;,&quot;autoplay_speed&quot;:5000,&quot;infinite&quot;:&quot;yes&quot;,&quot;effect&quot;:&quot;slide&quot;,&quot;speed&quot;:500}\" data-widget_type=\"image-carousel.default\">\n\t\t\t\t<div class=\"elementor-widget-container\">\n\t\t\t\t\t\t\t<div class=\"elementor-image-carousel-wrapper swiper\" role=\"region\" aria-roledescription=\"carousel\" aria-label=\"Image Carousel\" dir=\"ltr\">\n\t\t\t<div class=\"elementor-image-carousel swiper-wrapper\" aria-live=\"off\">\n\t\t\t\t\t\t\t\t<div class=\"swiper-slide\" role=\"group\" aria-roledescription=\"slide\" aria-label=\"1 of 6\"><figure class=\"swiper-slide-inner\"><img decoding=\"async\" class=\"swiper-slide-image\" src=\"https:\/\/cocodriloazul.com\/portafolio\/wp-content\/uploads\/2025\/01\/Embasa-MG-Cashi-2-1.png\" alt=\"Embasa-MG-Cashi-2\" \/><\/figure><\/div><div class=\"swiper-slide\" role=\"group\" aria-roledescription=\"slide\" aria-label=\"2 of 6\"><figure class=\"swiper-slide-inner\"><img decoding=\"async\" class=\"swiper-slide-image\" src=\"https:\/\/cocodriloazul.com\/portafolio\/wp-content\/uploads\/2025\/01\/MG_Appbrigados-Final-editableN2-1.png\" alt=\"MG_Appbrigados-Final-editableN2\" \/><\/figure><\/div><div class=\"swiper-slide\" role=\"group\" aria-roledescription=\"slide\" aria-label=\"3 of 6\"><figure class=\"swiper-slide-inner\"><img decoding=\"async\" class=\"swiper-slide-image\" src=\"https:\/\/cocodriloazul.com\/portafolio\/wp-content\/uploads\/2025\/01\/propuesta-press-V1-formato-16-9-1-1.png\" alt=\"propuesta-press-V1-formato-16-9-1\" \/><\/figure><\/div><div class=\"swiper-slide\" role=\"group\" aria-roledescription=\"slide\" aria-label=\"4 of 6\"><figure class=\"swiper-slide-inner\"><img decoding=\"async\" class=\"swiper-slide-image\" src=\"https:\/\/cocodriloazul.com\/portafolio\/wp-content\/uploads\/2025\/01\/press-V2-7.jpg\" alt=\"press-V2-7\" \/><\/figure><\/div><div class=\"swiper-slide\" role=\"group\" aria-roledescription=\"slide\" aria-label=\"5 of 6\"><figure class=\"swiper-slide-inner\"><img decoding=\"async\" class=\"swiper-slide-image\" src=\"https:\/\/cocodriloazul.com\/portafolio\/wp-content\/uploads\/2025\/01\/portafolio-imagen-full-presentacion0-2.jpg\" alt=\"portafolio-imagen-full-presentacion0\" \/><\/figure><\/div><div class=\"swiper-slide\" role=\"group\" aria-roledescription=\"slide\" aria-label=\"6 of 6\"><figure class=\"swiper-slide-inner\"><img decoding=\"async\" class=\"swiper-slide-image\" src=\"https:\/\/cocodriloazul.com\/portafolio\/wp-content\/uploads\/2025\/01\/portafolio-imagen-full-otros2-2.jpg\" alt=\"portafolio-imagen-full-otros2\" \/><\/figure><\/div>\t\t\t<\/div>\n\t\t\t\t\t\t\t\t\t\t\t\t<div class=\"elementor-swiper-button elementor-swiper-button-prev\" role=\"button\" tabindex=\"0\">\n\t\t\t\t\t\t<svg aria-hidden=\"true\" class=\"e-font-icon-svg e-eicon-chevron-left\" viewBox=\"0 0 1000 1000\" xmlns=\"http:\/\/www.w3.org\/2000\/svg\"><path d=\"M646 125C629 125 613 133 604 142L308 442C296 454 292 471 292 487 292 504 296 521 308 533L604 854C617 867 629 875 646 875 663 875 679 871 692 858 704 846 713 829 713 812 713 796 708 779 692 767L438 487 692 225C700 217 708 204 708 187 708 171 704 154 692 142 675 129 663 125 646 125Z\"><\/path><\/svg>\t\t\t\t\t<\/div>\n\t\t\t\t\t<div class=\"elementor-swiper-button elementor-swiper-button-next\" role=\"button\" tabindex=\"0\">\n\t\t\t\t\t\t<svg aria-hidden=\"true\" class=\"e-font-icon-svg e-eicon-chevron-right\" viewBox=\"0 0 1000 1000\" xmlns=\"http:\/\/www.w3.org\/2000\/svg\"><path d=\"M696 533C708 521 713 504 713 487 713 471 708 454 696 446L400 146C388 133 375 125 354 125 338 125 325 129 313 142 300 154 292 171 292 187 292 204 296 221 308 233L563 492 304 771C292 783 288 800 288 817 288 833 296 850 308 863 321 871 338 875 354 875 371 875 388 867 400 854L696 533Z\"><\/path><\/svg>\t\t\t\t\t<\/div>\n\t\t\t\t\n\t\t\t\t\t\t\t\t\t<div class=\"swiper-pagination\"><\/div>\n\t\t\t\t\t\t\t\t\t<\/div>\n\t\t\t\t\t\t<\/div>\n\t\t\t\t<\/div>\n\t\t\t\t<div class=\"elementor-element elementor-element-d06b321 elementor-widget elementor-widget-spacer\" data-id=\"d06b321\" data-element_type=\"widget\" data-widget_type=\"spacer.default\">\n\t\t\t\t<div class=\"elementor-widget-container\">\n\t\t\t\t\t\t\t<div class=\"elementor-spacer\">\n\t\t\t<div class=\"elementor-spacer-inner\"><\/div>\n\t\t<\/div>\n\t\t\t\t\t\t<\/div>\n\t\t\t\t<\/div>\n\t\t\t\t<div class=\"elementor-element elementor-element-65b4066 elementor-align-center elementor-widget elementor-widget-button\" data-id=\"65b4066\" data-element_type=\"widget\" data-widget_type=\"button.default\">\n\t\t\t\t<div class=\"elementor-widget-container\">\n\t\t\t\t\t\t\t\t\t<div class=\"elementor-button-wrapper\">\n\t\t\t\t\t<a class=\"elementor-button elementor-button-link elementor-size-sm\" href=\"mailto:alfredo@cocodriloazul.com\" target=\"_blank\">\n\t\t\t\t\t\t<span class=\"elementor-button-content-wrapper\">\n\t\t\t\t\t\t\t\t\t<span class=\"elementor-button-text\">Contacto<\/span>\n\t\t\t\t\t<\/span>\n\t\t\t\t\t<\/a>\n\t\t\t\t<\/div>\n\t\t\t\t\t\t\t\t<\/div>\n\t\t\t\t<\/div>\n\t\t\t\t<\/div>\n\t\t\t\t\t<\/div>\n\t\t\t\t<\/div>\n\t\t\t\t<\/div>\n\t\t","protected":false},"excerpt":{"rendered":"<p>Las presentaciones digitales bien estructuradas y visualmente atractivas son herramientas poderosas para comunicar ideas de manera clara y convincente. El dise\u00f1o de una presentaci\u00f3n debe ser minimalista pero impactante, con un uso adecuado de colores, tipograf\u00eda y gr\u00e1ficos que resalten los puntos clave. Con herramientas como PowerPoint o Google Slides, la presentaci\u00f3n debe funcionar como [&hellip;]<\/p>\n","protected":false},"author":1,"featured_media":0,"parent":0,"menu_order":0,"comment_status":"closed","ping_status":"closed","template":"elementor_header_footer","meta":{"_acf_changed":false,"footnotes":""},"class_list":["post-301","page","type-page","status-publish","hentry"],"acf":[],"_links":{"self":[{"href":"https:\/\/cocodriloazul.com\/portafolio\/wp-json\/wp\/v2\/pages\/301","targetHints":{"allow":["GET"]}}],"collection":[{"href":"https:\/\/cocodriloazul.com\/portafolio\/wp-json\/wp\/v2\/pages"}],"about":[{"href":"https:\/\/cocodriloazul.com\/portafolio\/wp-json\/wp\/v2\/types\/page"}],"author":[{"embeddable":true,"href":"https:\/\/cocodriloazul.com\/portafolio\/wp-json\/wp\/v2\/users\/1"}],"replies":[{"embeddable":true,"href":"https:\/\/cocodriloazul.com\/portafolio\/wp-json\/wp\/v2\/comments?post=301"}],"version-history":[{"count":16,"href":"https:\/\/cocodriloazul.com\/portafolio\/wp-json\/wp\/v2\/pages\/301\/revisions"}],"predecessor-version":[{"id":636,"href":"https:\/\/cocodriloazul.com\/portafolio\/wp-json\/wp\/v2\/pages\/301\/revisions\/636"}],"wp:attachment":[{"href":"https:\/\/cocodriloazul.com\/portafolio\/wp-json\/wp\/v2\/media?parent=301"}],"curies":[{"name":"wp","href":"https:\/\/api.w.org\/{rel}","templated":true}]}}